{"id":83,"date":"2025-09-03T18:18:04","date_gmt":"2025-09-03T18:18:04","guid":{"rendered":"https:\/\/fortisadversis.com\/?page_id=83"},"modified":"2026-02-19T19:12:28","modified_gmt":"2026-02-19T19:12:28","slug":"uebermich","status":"publish","type":"page","link":"https:\/\/fortisadversis.com\/en\/uebermich\/","title":{"rendered":"About me"},"content":{"rendered":"<div style=\"height:29px\" aria-hidden=\"true\" class=\"wp-block-spacer\"><\/div>\n\n\n\n<h3 class=\"wp-block-heading\">About me<\/h3>\n\n\n\n<p>I am Thomas \u2013 a coach and communicator out of passion. What defines me is my curiosity: about people, about connections, about life itself. I love connecting knowledge and putting it into words that touch and move.<\/p>\n\n\n\n<figure class=\"wp-block-image size-large\"><img loading=\"lazy\" decoding=\"async\" width=\"1575\" height=\"2100\" src=\"https:\/\/fortisadversis.com\/wp-content\/uploads\/2025\/11\/IMG_8619-1575x2100.jpg\" alt=\"\" class=\"wp-image-263\" srcset=\"https:\/\/fortisadversis.com\/wp-content\/uploads\/2025\/11\/IMG_8619-1575x2100.jpg 1575w, https:\/\/fortisadversis.com\/wp-content\/uploads\/2025\/11\/IMG_8619-225x300.jpg 225w, https:\/\/fortisadversis.com\/wp-content\/uploads\/2025\/11\/IMG_8619-768x1024.jpg 768w, https:\/\/fortisadversis.com\/wp-content\/uploads\/2025\/11\/IMG_8619-1152x1536.jpg 1152w, https:\/\/fortisadversis.com\/wp-content\/uploads\/2025\/11\/IMG_8619-1536x2048.jpg 1536w, https:\/\/fortisadversis.com\/wp-content\/uploads\/2025\/11\/IMG_8619-scaled.jpg 1920w\" sizes=\"auto, (max-width: 1575px) 100vw, 1575px\" \/><\/figure>\n\n\n\n<div class=\"wp-block-group is-nowrap is-layout-flex wp-container-core-group-is-layout-6c531013 wp-block-group-is-layout-flex\">\n<p>Humor, openness, and composure are my companions \u2013 in life as well as in coaching. I believe that real change does not come from pressure, but from insight and trust. That\u2019s why I design my coaching sessions to create space: for clarity, for development, for what truly matters.<\/p>\n<\/div>\n\n\n\n<p>Professionally, I am a marketing manager in the marketing department of an American high-tech company. There, I have learned how important clear communication, strategic thinking, and emotional intelligence are \u2013 skills that also shape my coaching.<\/p>\n\n\n\n<p>My path has not always been easy, but it has been instructive. I have overcome personal challenges that many people experience \u2013 and exactly because of that, I can now guide with compassion and clarity. My guiding principle? The desire to empower people through knowledge and presence. Not by turning them into someone else \u2013 but by helping them find themselves. <\/p>\n\n\n\n<p>In addition to coaching, I am also an astrophotographer and a Zen student. Both teach me patience, presence, and wonder at what often lies hidden. For just like in astrophotography, the same applies in coaching: sometimes you simply have to look longer to discover true beauty.<\/p>\n\n\n\n<div style=\"height:16px\" aria-hidden=\"true\" class=\"wp-block-spacer\"><\/div>\n\n\n\n<div class=\"wp-block-buttons is-content-justification-center is-layout-flex wp-container-core-buttons-is-layout-a89b3969 wp-block-buttons-is-layout-flex\">\n<div class=\"wp-block-button\"><a class=\"wp-block-button__link wp-element-button\" href=\"https:\/\/fortisadversis.com\/en\/34-2\/contact\/\">Let's go!<\/a><\/div>\n<\/div>\n\n\n\n<div style=\"height:21px\" aria-hidden=\"true\" class=\"wp-block-spacer\"><\/div>","protected":false},"excerpt":{"rendered":"<p>\u00dcber mich Ich bin Thomas \u2013 Coach und Kommunikator aus Leidenschaft. Was mich ausmacht, ist meine Neugier: auf Menschen, auf Zusammenh\u00e4nge, auf das Leben selbst. Ich liebe es, Wissen zu verbinden und in Worte zu fassen, die ber\u00fchren und bewegen. Humor, Offenheit und Gelassenheit sind meine Begleiter \u2013 im Leben wie im Coaching. Ich glaube [&hellip;]<\/p>\n","protected":false},"author":1,"featured_media":0,"parent":0,"menu_order":0,"comment_status":"closed","ping_status":"closed","template":"no-title","meta":{"footnotes":""},"class_list":["post-83","page","type-page","status-publish","hentry"],"yoast_head":"<!-- This site is optimized with the Yoast SEO plugin v27.4 - https:\/\/yoast.com\/product\/yoast-seo-wordpress\/ -->\n<title>\u00dcber mich - Fortis Adversis<\/title>\n<meta name=\"description\" content=\"Manchmal muss man einfach l\u00e4nger hinschauen, um die wahre Sch\u00f6nheit zu entdecken.\" \/>\n<meta name=\"robots\" content=\"index, follow, max-snippet:-1, max-image-preview:large, max-video-preview:-1\" \/>\n<link rel=\"canonical\" href=\"https:\/\/fortisadversis.com\/en\/uebermich\/\" \/>\n<meta property=\"og:locale\" content=\"en_US\" \/>\n<meta property=\"og:type\" content=\"article\" \/>\n<meta property=\"og:title\" content=\"\u00dcber mich - Fortis Adversis\" \/>\n<meta property=\"og:description\" content=\"Manchmal muss man einfach l\u00e4nger hinschauen, um die wahre Sch\u00f6nheit zu entdecken.\" \/>\n<meta property=\"og:url\" content=\"https:\/\/fortisadversis.com\/en\/uebermich\/\" \/>\n<meta property=\"og:site_name\" content=\"Fortis Adversis\" \/>\n<meta property=\"article:modified_time\" content=\"2026-02-19T19:12:28+00:00\" \/>\n<meta property=\"og:image\" content=\"https:\/\/fortisadversis.com\/wp-content\/uploads\/2025\/11\/IMG_8619-scaled.jpg\" \/>\n\t<meta property=\"og:image:width\" content=\"1920\" \/>\n\t<meta property=\"og:image:height\" content=\"2560\" \/>\n\t<meta property=\"og:image:type\" content=\"image\/jpeg\" \/>\n<meta name=\"twitter:card\" content=\"summary_large_image\" \/>\n<meta name=\"twitter:label1\" content=\"Est. reading time\" \/>\n\t<meta name=\"twitter:data1\" content=\"2 minutes\" \/>\n<script type=\"application\/ld+json\" class=\"yoast-schema-graph\">{\"@context\":\"https:\\\/\\\/schema.org\",\"@graph\":[{\"@type\":\"WebPage\",\"@id\":\"https:\\\/\\\/fortisadversis.com\\\/uebermich\\\/\",\"url\":\"https:\\\/\\\/fortisadversis.com\\\/uebermich\\\/\",\"name\":\"\u00dcber mich - Fortis Adversis\",\"isPartOf\":{\"@id\":\"https:\\\/\\\/fortisadversis.com\\\/#website\"},\"primaryImageOfPage\":{\"@id\":\"https:\\\/\\\/fortisadversis.com\\\/uebermich\\\/#primaryimage\"},\"image\":{\"@id\":\"https:\\\/\\\/fortisadversis.com\\\/uebermich\\\/#primaryimage\"},\"thumbnailUrl\":\"https:\\\/\\\/fortisadversis.com\\\/wp-content\\\/uploads\\\/2025\\\/11\\\/IMG_8619-1575x2100.jpg\",\"datePublished\":\"2025-09-03T18:18:04+00:00\",\"dateModified\":\"2026-02-19T19:12:28+00:00\",\"description\":\"Manchmal muss man einfach l\u00e4nger hinschauen, um die wahre Sch\u00f6nheit zu entdecken.\",\"breadcrumb\":{\"@id\":\"https:\\\/\\\/fortisadversis.com\\\/uebermich\\\/#breadcrumb\"},\"inLanguage\":\"en-US\",\"potentialAction\":[{\"@type\":\"ReadAction\",\"target\":[\"https:\\\/\\\/fortisadversis.com\\\/uebermich\\\/\"]}]},{\"@type\":\"ImageObject\",\"inLanguage\":\"en-US\",\"@id\":\"https:\\\/\\\/fortisadversis.com\\\/uebermich\\\/#primaryimage\",\"url\":\"https:\\\/\\\/fortisadversis.com\\\/wp-content\\\/uploads\\\/2025\\\/11\\\/IMG_8619-1575x2100.jpg\",\"contentUrl\":\"https:\\\/\\\/fortisadversis.com\\\/wp-content\\\/uploads\\\/2025\\\/11\\\/IMG_8619-1575x2100.jpg\"},{\"@type\":\"BreadcrumbList\",\"@id\":\"https:\\\/\\\/fortisadversis.com\\\/uebermich\\\/#breadcrumb\",\"itemListElement\":[{\"@type\":\"ListItem\",\"position\":1,\"name\":\"Startseite\",\"item\":\"https:\\\/\\\/fortisadversis.com\\\/\"},{\"@type\":\"ListItem\",\"position\":2,\"name\":\"\u00dcber mich\"}]},{\"@type\":\"WebSite\",\"@id\":\"https:\\\/\\\/fortisadversis.com\\\/#website\",\"url\":\"https:\\\/\\\/fortisadversis.com\\\/\",\"name\":\"Fortis Adversis\",\"description\":\"Dr. Thomas Schmidt\",\"publisher\":{\"@id\":\"https:\\\/\\\/fortisadversis.com\\\/#organization\"},\"potentialAction\":[{\"@type\":\"SearchAction\",\"target\":{\"@type\":\"EntryPoint\",\"urlTemplate\":\"https:\\\/\\\/fortisadversis.com\\\/?s={search_term_string}\"},\"query-input\":{\"@type\":\"PropertyValueSpecification\",\"valueRequired\":true,\"valueName\":\"search_term_string\"}}],\"inLanguage\":\"en-US\"},{\"@type\":\"Organization\",\"@id\":\"https:\\\/\\\/fortisadversis.com\\\/#organization\",\"name\":\"Fortis Adversis\",\"url\":\"https:\\\/\\\/fortisadversis.com\\\/\",\"logo\":{\"@type\":\"ImageObject\",\"inLanguage\":\"en-US\",\"@id\":\"https:\\\/\\\/fortisadversis.com\\\/#\\\/schema\\\/logo\\\/image\\\/\",\"url\":\"https:\\\/\\\/fortisadversis.com\\\/wp-content\\\/uploads\\\/2025\\\/09\\\/Logo_Transparent-2.png\",\"contentUrl\":\"https:\\\/\\\/fortisadversis.com\\\/wp-content\\\/uploads\\\/2025\\\/09\\\/Logo_Transparent-2.png\",\"width\":1024,\"height\":1024,\"caption\":\"Fortis Adversis\"},\"image\":{\"@id\":\"https:\\\/\\\/fortisadversis.com\\\/#\\\/schema\\\/logo\\\/image\\\/\"}}]}<\/script>\n<!-- \/ Yoast SEO plugin. -->","yoast_head_json":{"title":"\u00dcber mich - Fortis Adversis","description":"Manchmal muss man einfach l\u00e4nger hinschauen, um die wahre Sch\u00f6nheit zu entdecken.","robots":{"index":"index","follow":"follow","max-snippet":"max-snippet:-1","max-image-preview":"max-image-preview:large","max-video-preview":"max-video-preview:-1"},"canonical":"https:\/\/fortisadversis.com\/en\/uebermich\/","og_locale":"en_US","og_type":"article","og_title":"\u00dcber mich - Fortis Adversis","og_description":"Manchmal muss man einfach l\u00e4nger hinschauen, um die wahre Sch\u00f6nheit zu entdecken.","og_url":"https:\/\/fortisadversis.com\/en\/uebermich\/","og_site_name":"Fortis Adversis","article_modified_time":"2026-02-19T19:12:28+00:00","og_image":[{"width":1920,"height":2560,"url":"https:\/\/fortisadversis.com\/wp-content\/uploads\/2025\/11\/IMG_8619-scaled.jpg","type":"image\/jpeg"}],"twitter_card":"summary_large_image","twitter_misc":{"Est. reading time":"2 minutes"},"schema":{"@context":"https:\/\/schema.org","@graph":[{"@type":"WebPage","@id":"https:\/\/fortisadversis.com\/uebermich\/","url":"https:\/\/fortisadversis.com\/uebermich\/","name":"\u00dcber mich - Fortis Adversis","isPartOf":{"@id":"https:\/\/fortisadversis.com\/#website"},"primaryImageOfPage":{"@id":"https:\/\/fortisadversis.com\/uebermich\/#primaryimage"},"image":{"@id":"https:\/\/fortisadversis.com\/uebermich\/#primaryimage"},"thumbnailUrl":"https:\/\/fortisadversis.com\/wp-content\/uploads\/2025\/11\/IMG_8619-1575x2100.jpg","datePublished":"2025-09-03T18:18:04+00:00","dateModified":"2026-02-19T19:12:28+00:00","description":"Manchmal muss man einfach l\u00e4nger hinschauen, um die wahre Sch\u00f6nheit zu entdecken.","breadcrumb":{"@id":"https:\/\/fortisadversis.com\/uebermich\/#breadcrumb"},"inLanguage":"en-US","potentialAction":[{"@type":"ReadAction","target":["https:\/\/fortisadversis.com\/uebermich\/"]}]},{"@type":"ImageObject","inLanguage":"en-US","@id":"https:\/\/fortisadversis.com\/uebermich\/#primaryimage","url":"https:\/\/fortisadversis.com\/wp-content\/uploads\/2025\/11\/IMG_8619-1575x2100.jpg","contentUrl":"https:\/\/fortisadversis.com\/wp-content\/uploads\/2025\/11\/IMG_8619-1575x2100.jpg"},{"@type":"BreadcrumbList","@id":"https:\/\/fortisadversis.com\/uebermich\/#breadcrumb","itemListElement":[{"@type":"ListItem","position":1,"name":"Startseite","item":"https:\/\/fortisadversis.com\/"},{"@type":"ListItem","position":2,"name":"\u00dcber mich"}]},{"@type":"WebSite","@id":"https:\/\/fortisadversis.com\/#website","url":"https:\/\/fortisadversis.com\/","name":"Fortis Adversis","description":"Dr. Thomas Schmidt","publisher":{"@id":"https:\/\/fortisadversis.com\/#organization"},"potentialAction":[{"@type":"SearchAction","target":{"@type":"EntryPoint","urlTemplate":"https:\/\/fortisadversis.com\/?s={search_term_string}"},"query-input":{"@type":"PropertyValueSpecification","valueRequired":true,"valueName":"search_term_string"}}],"inLanguage":"en-US"},{"@type":"Organization","@id":"https:\/\/fortisadversis.com\/#organization","name":"Fortis Adversis","url":"https:\/\/fortisadversis.com\/","logo":{"@type":"ImageObject","inLanguage":"en-US","@id":"https:\/\/fortisadversis.com\/#\/schema\/logo\/image\/","url":"https:\/\/fortisadversis.com\/wp-content\/uploads\/2025\/09\/Logo_Transparent-2.png","contentUrl":"https:\/\/fortisadversis.com\/wp-content\/uploads\/2025\/09\/Logo_Transparent-2.png","width":1024,"height":1024,"caption":"Fortis Adversis"},"image":{"@id":"https:\/\/fortisadversis.com\/#\/schema\/logo\/image\/"}}]}},"_links":{"self":[{"href":"https:\/\/fortisadversis.com\/en\/wp-json\/wp\/v2\/pages\/83","targetHints":{"allow":["GET"]}}],"collection":[{"href":"https:\/\/fortisadversis.com\/en\/wp-json\/wp\/v2\/pages"}],"about":[{"href":"https:\/\/fortisadversis.com\/en\/wp-json\/wp\/v2\/types\/page"}],"author":[{"embeddable":true,"href":"https:\/\/fortisadversis.com\/en\/wp-json\/wp\/v2\/users\/1"}],"replies":[{"embeddable":true,"href":"https:\/\/fortisadversis.com\/en\/wp-json\/wp\/v2\/comments?post=83"}],"version-history":[{"count":26,"href":"https:\/\/fortisadversis.com\/en\/wp-json\/wp\/v2\/pages\/83\/revisions"}],"predecessor-version":[{"id":283,"href":"https:\/\/fortisadversis.com\/en\/wp-json\/wp\/v2\/pages\/83\/revisions\/283"}],"wp:attachment":[{"href":"https:\/\/fortisadversis.com\/en\/wp-json\/wp\/v2\/media?parent=83"}],"curies":[{"name":"wp","href":"https:\/\/api.w.org\/{rel}","templated":true}]}}