{"id":130,"date":"2025-09-03T20:30:32","date_gmt":"2025-09-03T20:30:32","guid":{"rendered":"https:\/\/fortisadversis.com\/?page_id=130"},"modified":"2026-01-29T20:25:34","modified_gmt":"2026-01-29T20:25:34","slug":"impressum","status":"publish","type":"page","link":"https:\/\/fortisadversis.com\/en\/impressum\/","title":{"rendered":"Imprint"},"content":{"rendered":"<div style=\"height:23px\" aria-hidden=\"true\" class=\"wp-block-spacer\"><\/div>\n\n\n\n<h2 class=\"wp-block-heading\">Imprint<\/h2>\n\n\n\n<p>Information according to \u00a7 5 DDG<\/p>\n\n\n\n<p>Fortis Adversis<br>Dr. Thomas Schmidt<br>Pfauenstrasse 3a<br>76199 Karlsruhe<\/p>\n\n\n\n<p><strong>Represented by:<\/strong><br>Dr. Thomas Schmidt<\/p>\n\n\n\n<p><strong>Contact<\/strong><br>Telefon: 0151-29113228<br>E-Mail:&nbsp;<a href=\"mailto:thomas.schmidt@fortisadversis.com\">thomas.schmidt@fortisadversis.com<\/a><\/p>\n\n\n\n<p><strong>VAT-ID:<\/strong><br>VAT identification number according to \u00a7 27a of the German VAT Act:<br>DE457323346<\/p>\n\n\n\n<p><strong>Responsible for the content pursuant to \u00a7 18 para. 2 MStV:<\/strong><br>Dr. Thomas Schmidt<br>Pfauenstrasse 3a<br>76199 Karlsruhe<\/p>\n\n\n\n<p><strong>Disclaimer:<\/strong><br><br><strong>Liability for content<\/strong><br><br>The content of our pages has been created with the greatest care. However, we cannot guarantee the accuracy, completeness, or timeliness of the content. As a service provider, we are responsible for our own content on these pages in accordance with \u00a7 7 para. 1 DDG and the general laws. According to \u00a7\u00a7 8 to 10 DDG, however, we are not obliged as a service provider to monitor transmitted or stored third-party information or to investigate circumstances that indicate illegal activity. Obligations to remove or block the use of information under general laws remain unaffected. Liability in this regard is only possible from the time we become aware of a specific legal violation. Upon becoming aware of such legal violations, we will immediately remove this content.<br><br><strong>Liability for Links<\/strong><br><br>Our offer contains links to external third-party websites, over whose content we have no influence. Therefore, we cannot assume any responsibility for these external contents. The content of the linked pages is always the responsibility of the respective provider or operator of the pages. The linked pages were checked for possible legal violations at the time of linking. Illegal content was not recognizable at the time of linking. However, a permanent content check of the linked pages is not reasonable without concrete indications of a legal violation. If we become aware of legal violations, we will remove such links immediately.<br><br><strong>Urheberrecht<\/strong><br><br>The content and works created by the site operators on these pages are subject to German copyright law. Reproduction, editing, distribution, and any kind of exploitation beyond the limits of copyright require the written consent of the respective author or creator. Downloads and copies of this site are only permitted for private, non-commercial use. Insofar as the content on this site was not created by the operator, the copyrights of third parties are respected. In particular, third-party content is identified as such. Should you nevertheless become aware of a copyright infringement, we ask for a corresponding notice. Upon becoming aware of legal violations, we will promptly remove such content.<br><br><strong>Data Protection<\/strong><br><br>The use of our website is generally possible without providing personal data. To the extent that personal data (for example, name, address, or email addresses) is collected on our pages, this is always done, wherever possible, on a voluntary basis. This data will not be passed on to third parties without your explicit consent.<br>We would like to point out that data transmission over the Internet (e.g., when communicating via email) can have security vulnerabilities. Complete protection of data from access by third parties is not possible.<br>The use of contact details published as part of the imprint obligation by third parties for the sending of unsolicited advertisements and informational materials is hereby expressly prohibited. The operators of the site expressly reserve the right to take legal action in the event of unsolicited sending of advertising information, such as through spam emails.<\/p>\n\n\n\n<p class=\"has-small-font-size\"><em>Imprint of&nbsp;<a href=\"https:\/\/websitewissen.com\/\">WebsiteWissen.com<\/a>, the guide for&nbsp;<a href=\"https:\/\/websitewissen.com\/wordpress-website-erstellen\">WordPress-Websites<\/a>,&nbsp;<a href=\"https:\/\/websitewissen.com\/wordpress-hosting-vergleich\">WordPress-Hosting<\/a>&nbsp;und&nbsp;<a href=\"https:\/\/websitewissen.com\/website-kosten\">Website-Kosten<\/a>&nbsp;according to a template of&nbsp;<a href=\"https:\/\/www.kanzlei-hasselbach.de\/\">Kanzlei Hasselbach Rechtsanw\u00e4lte<\/a>.<\/em><\/p>\n\n\n\n<div style=\"height:49px\" aria-hidden=\"true\" class=\"wp-block-spacer\"><\/div>\n\n\n\n<p><\/p>","protected":false},"excerpt":{"rendered":"<p>Impressum Angaben gem\u00e4\u00df \u00a7 5 DDG Fortis AdversisDr. Thomas SchmidtPfauenstrasse 3a76199 Karlsruhe Vertreten durch:Dr. Thomas Schmidt Kontakt:Telefon: 0151-29113228E-Mail:&nbsp;thomas.schmidt@fortisadversis.com Umsatzsteuer-ID:Umsatzsteuer-Identifikationsnummer gem\u00e4\u00df \u00a7 27 a Umsatzsteuergesetz:DE457323346 Verantwortlich f\u00fcr den Inhalt nach \u00a7 18 Abs. 2 MStV:Dr. Thomas SchmidtPfauenstrasse 3a76199 Karlsruhe Haftungsausschluss: Haftung f\u00fcr Inhalte Die Inhalte unserer Seiten wurden mit gr\u00f6\u00dfter Sorgfalt erstellt. F\u00fcr die Richtigkeit, Vollst\u00e4ndigkeit [&hellip;]<\/p>\n","protected":false},"author":1,"featured_media":0,"parent":0,"menu_order":0,"comment_status":"closed","ping_status":"closed","template":"no-title","meta":{"footnotes":""},"class_list":["post-130","page","type-page","status-publish","hentry"],"yoast_head":"<!-- This site is optimized with the Yoast SEO plugin v27.4 - https:\/\/yoast.com\/product\/yoast-seo-wordpress\/ -->\n<title>Impressum - Fortis Adversis<\/title>\n<meta name=\"robots\" content=\"index, follow, max-snippet:-1, max-image-preview:large, max-video-preview:-1\" \/>\n<link rel=\"canonical\" href=\"https:\/\/fortisadversis.com\/en\/impressum\/\" \/>\n<meta property=\"og:locale\" content=\"en_US\" \/>\n<meta property=\"og:type\" content=\"article\" \/>\n<meta property=\"og:title\" content=\"Impressum - Fortis Adversis\" \/>\n<meta property=\"og:description\" content=\"Impressum Angaben gem\u00e4\u00df \u00a7 5 DDG Fortis AdversisDr. Thomas SchmidtPfauenstrasse 3a76199 Karlsruhe Vertreten durch:Dr. Thomas Schmidt Kontakt:Telefon: 0151-29113228E-Mail:&nbsp;thomas.schmidt@fortisadversis.com Umsatzsteuer-ID:Umsatzsteuer-Identifikationsnummer gem\u00e4\u00df \u00a7 27 a Umsatzsteuergesetz:DE457323346 Verantwortlich f\u00fcr den Inhalt nach \u00a7 18 Abs. 2 MStV:Dr. Thomas SchmidtPfauenstrasse 3a76199 Karlsruhe Haftungsausschluss: Haftung f\u00fcr Inhalte Die Inhalte unserer Seiten wurden mit gr\u00f6\u00dfter Sorgfalt erstellt. F\u00fcr die Richtigkeit, Vollst\u00e4ndigkeit [&hellip;]\" \/>\n<meta property=\"og:url\" content=\"https:\/\/fortisadversis.com\/en\/impressum\/\" \/>\n<meta property=\"og:site_name\" content=\"Fortis Adversis\" \/>\n<meta property=\"article:modified_time\" content=\"2026-01-29T20:25:34+00:00\" \/>\n<meta name=\"twitter:card\" content=\"summary_large_image\" \/>\n<meta name=\"twitter:label1\" content=\"Est. reading time\" \/>\n\t<meta name=\"twitter:data1\" content=\"3 minutes\" \/>\n<script type=\"application\/ld+json\" class=\"yoast-schema-graph\">{\"@context\":\"https:\\\/\\\/schema.org\",\"@graph\":[{\"@type\":\"WebPage\",\"@id\":\"https:\\\/\\\/fortisadversis.com\\\/impressum\\\/\",\"url\":\"https:\\\/\\\/fortisadversis.com\\\/impressum\\\/\",\"name\":\"Impressum - Fortis Adversis\",\"isPartOf\":{\"@id\":\"https:\\\/\\\/fortisadversis.com\\\/#website\"},\"datePublished\":\"2025-09-03T20:30:32+00:00\",\"dateModified\":\"2026-01-29T20:25:34+00:00\",\"breadcrumb\":{\"@id\":\"https:\\\/\\\/fortisadversis.com\\\/impressum\\\/#breadcrumb\"},\"inLanguage\":\"en-US\",\"potentialAction\":[{\"@type\":\"ReadAction\",\"target\":[\"https:\\\/\\\/fortisadversis.com\\\/impressum\\\/\"]}]},{\"@type\":\"BreadcrumbList\",\"@id\":\"https:\\\/\\\/fortisadversis.com\\\/impressum\\\/#breadcrumb\",\"itemListElement\":[{\"@type\":\"ListItem\",\"position\":1,\"name\":\"Startseite\",\"item\":\"https:\\\/\\\/fortisadversis.com\\\/\"},{\"@type\":\"ListItem\",\"position\":2,\"name\":\"Impressum\"}]},{\"@type\":\"WebSite\",\"@id\":\"https:\\\/\\\/fortisadversis.com\\\/#website\",\"url\":\"https:\\\/\\\/fortisadversis.com\\\/\",\"name\":\"Fortis Adversis\",\"description\":\"Dr. Thomas Schmidt\",\"publisher\":{\"@id\":\"https:\\\/\\\/fortisadversis.com\\\/#organization\"},\"potentialAction\":[{\"@type\":\"SearchAction\",\"target\":{\"@type\":\"EntryPoint\",\"urlTemplate\":\"https:\\\/\\\/fortisadversis.com\\\/?s={search_term_string}\"},\"query-input\":{\"@type\":\"PropertyValueSpecification\",\"valueRequired\":true,\"valueName\":\"search_term_string\"}}],\"inLanguage\":\"en-US\"},{\"@type\":\"Organization\",\"@id\":\"https:\\\/\\\/fortisadversis.com\\\/#organization\",\"name\":\"Fortis Adversis\",\"url\":\"https:\\\/\\\/fortisadversis.com\\\/\",\"logo\":{\"@type\":\"ImageObject\",\"inLanguage\":\"en-US\",\"@id\":\"https:\\\/\\\/fortisadversis.com\\\/#\\\/schema\\\/logo\\\/image\\\/\",\"url\":\"https:\\\/\\\/fortisadversis.com\\\/wp-content\\\/uploads\\\/2025\\\/09\\\/Logo_Transparent-2.png\",\"contentUrl\":\"https:\\\/\\\/fortisadversis.com\\\/wp-content\\\/uploads\\\/2025\\\/09\\\/Logo_Transparent-2.png\",\"width\":1024,\"height\":1024,\"caption\":\"Fortis Adversis\"},\"image\":{\"@id\":\"https:\\\/\\\/fortisadversis.com\\\/#\\\/schema\\\/logo\\\/image\\\/\"}}]}<\/script>\n<!-- \/ Yoast SEO plugin. -->","yoast_head_json":{"title":"Impressum - Fortis Adversis","robots":{"index":"index","follow":"follow","max-snippet":"max-snippet:-1","max-image-preview":"max-image-preview:large","max-video-preview":"max-video-preview:-1"},"canonical":"https:\/\/fortisadversis.com\/en\/impressum\/","og_locale":"en_US","og_type":"article","og_title":"Impressum - Fortis Adversis","og_description":"Impressum Angaben gem\u00e4\u00df \u00a7 5 DDG Fortis AdversisDr. Thomas SchmidtPfauenstrasse 3a76199 Karlsruhe Vertreten durch:Dr. Thomas Schmidt Kontakt:Telefon: 0151-29113228E-Mail:&nbsp;thomas.schmidt@fortisadversis.com Umsatzsteuer-ID:Umsatzsteuer-Identifikationsnummer gem\u00e4\u00df \u00a7 27 a Umsatzsteuergesetz:DE457323346 Verantwortlich f\u00fcr den Inhalt nach \u00a7 18 Abs. 2 MStV:Dr. Thomas SchmidtPfauenstrasse 3a76199 Karlsruhe Haftungsausschluss: Haftung f\u00fcr Inhalte Die Inhalte unserer Seiten wurden mit gr\u00f6\u00dfter Sorgfalt erstellt. F\u00fcr die Richtigkeit, Vollst\u00e4ndigkeit [&hellip;]","og_url":"https:\/\/fortisadversis.com\/en\/impressum\/","og_site_name":"Fortis Adversis","article_modified_time":"2026-01-29T20:25:34+00:00","twitter_card":"summary_large_image","twitter_misc":{"Est. reading time":"3 minutes"},"schema":{"@context":"https:\/\/schema.org","@graph":[{"@type":"WebPage","@id":"https:\/\/fortisadversis.com\/impressum\/","url":"https:\/\/fortisadversis.com\/impressum\/","name":"Impressum - Fortis Adversis","isPartOf":{"@id":"https:\/\/fortisadversis.com\/#website"},"datePublished":"2025-09-03T20:30:32+00:00","dateModified":"2026-01-29T20:25:34+00:00","breadcrumb":{"@id":"https:\/\/fortisadversis.com\/impressum\/#breadcrumb"},"inLanguage":"en-US","potentialAction":[{"@type":"ReadAction","target":["https:\/\/fortisadversis.com\/impressum\/"]}]},{"@type":"BreadcrumbList","@id":"https:\/\/fortisadversis.com\/impressum\/#breadcrumb","itemListElement":[{"@type":"ListItem","position":1,"name":"Startseite","item":"https:\/\/fortisadversis.com\/"},{"@type":"ListItem","position":2,"name":"Impressum"}]},{"@type":"WebSite","@id":"https:\/\/fortisadversis.com\/#website","url":"https:\/\/fortisadversis.com\/","name":"Fortis Adversis","description":"Dr. Thomas Schmidt","publisher":{"@id":"https:\/\/fortisadversis.com\/#organization"},"potentialAction":[{"@type":"SearchAction","target":{"@type":"EntryPoint","urlTemplate":"https:\/\/fortisadversis.com\/?s={search_term_string}"},"query-input":{"@type":"PropertyValueSpecification","valueRequired":true,"valueName":"search_term_string"}}],"inLanguage":"en-US"},{"@type":"Organization","@id":"https:\/\/fortisadversis.com\/#organization","name":"Fortis Adversis","url":"https:\/\/fortisadversis.com\/","logo":{"@type":"ImageObject","inLanguage":"en-US","@id":"https:\/\/fortisadversis.com\/#\/schema\/logo\/image\/","url":"https:\/\/fortisadversis.com\/wp-content\/uploads\/2025\/09\/Logo_Transparent-2.png","contentUrl":"https:\/\/fortisadversis.com\/wp-content\/uploads\/2025\/09\/Logo_Transparent-2.png","width":1024,"height":1024,"caption":"Fortis Adversis"},"image":{"@id":"https:\/\/fortisadversis.com\/#\/schema\/logo\/image\/"}}]}},"_links":{"self":[{"href":"https:\/\/fortisadversis.com\/en\/wp-json\/wp\/v2\/pages\/130","targetHints":{"allow":["GET"]}}],"collection":[{"href":"https:\/\/fortisadversis.com\/en\/wp-json\/wp\/v2\/pages"}],"about":[{"href":"https:\/\/fortisadversis.com\/en\/wp-json\/wp\/v2\/types\/page"}],"author":[{"embeddable":true,"href":"https:\/\/fortisadversis.com\/en\/wp-json\/wp\/v2\/users\/1"}],"replies":[{"embeddable":true,"href":"https:\/\/fortisadversis.com\/en\/wp-json\/wp\/v2\/comments?post=130"}],"version-history":[{"count":13,"href":"https:\/\/fortisadversis.com\/en\/wp-json\/wp\/v2\/pages\/130\/revisions"}],"predecessor-version":[{"id":220,"href":"https:\/\/fortisadversis.com\/en\/wp-json\/wp\/v2\/pages\/130\/revisions\/220"}],"wp:attachment":[{"href":"https:\/\/fortisadversis.com\/en\/wp-json\/wp\/v2\/media?parent=130"}],"curies":[{"name":"wp","href":"https:\/\/api.w.org\/{rel}","templated":true}]}}